{"id":3,"date":"2020-02-09T20:14:53","date_gmt":"2020-02-09T20:14:53","guid":{"rendered":"https:\/\/ar-imagetest.com\/cea\/?page_id=3"},"modified":"2020-12-07T18:36:30","modified_gmt":"2020-12-07T18:36:30","slug":"politique-confidentialite","status":"publish","type":"page","link":"https:\/\/ar-imagetest.com\/cea\/politique-confidentialite\/","title":{"rendered":"Politique de confidentialit\u00e9"},"content":{"rendered":"<div class=\"fusion-fullwidth fullwidth-box fusion-builder-row-1 fusion-flex-container nonhundred-percent-fullwidth non-hundred-percent-height-scrolling\" style=\"--awb-border-radius-top-left:0px;--awb-border-radius-top-right:0px;--awb-border-radius-bottom-right:0px;--awb-border-radius-bottom-left:0px;--awb-flex-wrap:wrap;\" ><div class=\"fusion-builder-row fusion-row fusion-flex-align-items-flex-start fusion-flex-justify-content-center fusion-flex-content-wrap\" style=\"max-width:1372.8px;margin-left: calc(-4% \/ 2 );margin-right: calc(-4% \/ 2 );\"><div class=\"fusion-layout-column fusion_builder_column fusion-builder-column-0 fusion_builder_column_5_6 5_6 fusion-flex-column\" style=\"--awb-bg-size:cover;--awb-width-large:83.333333333333%;--awb-margin-top-large:20px;--awb-spacing-right-large:2.304%;--awb-margin-bottom-large:20px;--awb-spacing-left-large:2.304%;--awb-width-medium:83.333333333333%;--awb-order-medium:0;--awb-spacing-right-medium:2.304%;--awb-spacing-left-medium:2.304%;--awb-width-small:100%;--awb-order-small:0;--awb-spacing-right-small:1.92%;--awb-spacing-left-small:1.92%;\"><div class=\"fusion-column-wrapper fusion-column-has-shadow fusion-flex-justify-content-flex-start fusion-content-layout-column\"><div class=\"fusion-text fusion-text-1\"><h2>Notre politique de protection des donn\u00e9es \u00e0 caract\u00e8re personnel<\/h2>\n<p>La protection de vos donn\u00e9es \u00e0 caract\u00e8re personnel est un \u00e9l\u00e9ment essentiel de notre relation, que vous soyez adh\u00e9rent ou utilisateur de nos services. Cette relation est fond\u00e9e sur un principe de transparence visant \u00e0 respecter votre vie priv\u00e9e conform\u00e9ment \u00e0 la r\u00e8glementation en vigueur en France et en Europe notamment en application de la loi informatique et libert\u00e9s et du R\u00e8glement G\u00e9n\u00e9ral sur la Protection des Donn\u00e9es (RGPD), la \u00ab R\u00e9glementation \u00bb.<\/p>\n<p>La pr\u00e9sente politique vous informe sur les cat\u00e9gories de donn\u00e9es \u00e0 caract\u00e8re personnel que nous traitons, la fa\u00e7on dont nous les utilisons, les cat\u00e9gories de destinataires auxquels nous les communiquons, ainsi que sur les droits dont vous disposez.<\/p>\n<h3>Quelles donne\u0301es recueillons-nous ?<\/h3>\n<p>Le Cercle d&#8217;\u00c9thique des Affaires peut recueillir directement aupr\u00e8s de vous ou indirectement via des tiers des donn\u00e9es \u00e0 caract\u00e8re personnel. Conform\u00e9ment au principe de minimisation, nous ne collectons que les donn\u00e9es n\u00e9cessaires au regard des finalit\u00e9s pour lesquelles elles sont trait\u00e9es.<\/p>\n<p>Les diff\u00e9rentes cat\u00e9gories de donn\u00e9es collect\u00e9es lors votre souscription et dans le cadre de votre utilisation de nos services ou applications sont\u00a0les suivantes\u00a0:<\/p>\n<ul>\n<li>Donn\u00e9es d\u2019identification (notamment nom, pr\u00e9nom, num\u00e9ro de client)\u00a0;<\/li>\n<li>Donn\u00e9es de contact (notamment adresse postale ou \u00e9lectronique)\u00a0;<\/li>\n<li>Donn\u00e9es de connexion (notamment adresse IP de votre ordinateur, logs de connexion et d\u2019usage).<\/li>\n<\/ul>\n<h3>Pour quelle utilisation ?<\/h3>\n<h4>Finalite\u0301s<\/h4>\n<p>Vos donn\u00e9es \u00e0 caract\u00e8re personnel sont collect\u00e9es et trait\u00e9es uniquement sur la base des fondements juridiques pr\u00e9vus par la R\u00e9glementation\u00a0:<\/p>\n<p><strong>Dans le cadre de l\u2019exe\u0301cution d\u2019un contrat :<\/strong><\/p>\n<ul>\n<li>Gestion de compte adh\u00e9rent ;<\/li>\n<li>Identification et authentification de l&#8217;adh\u00e9rent ou utilisateur ;<\/li>\n<li>Communications avec l&#8217;adh\u00e9rent (assistance technique) ;<\/li>\n<li>Gestion de droits et des demandes d\u2019exercice des droits des personnes ;<\/li>\n<li>Fourniture et fonctionnement des services.<\/li>\n<\/ul>\n<p><strong>A\u0300 des fins d\u2019inte\u0301re\u0302ts le\u0301gitimes ou, le cas e\u0301che\u0301ant, sur la base de votre consentement :<\/strong><\/p>\n<ul>\n<li>Lutte contre la fraude et pre\u0301vention des impaye\u0301s ;<\/li>\n<li>Enrichissement et valorisation de la base clients\/prospects ;<\/li>\n<li>Fourniture de recommandations personnalise\u0301es base\u0301s sur l\u2019analyse des usages ;<\/li>\n<li>De\u0301veloppement des produits et services du CEA ou de tiers et prospection commerciale ;<\/li>\n<li>Re\u0301alisation d\u2019e\u0301tudes statistiques, d\u2019analyses et de mesures d\u2019audience.<\/li>\n<\/ul>\n<p><strong>Pour assurer le respect de nos obligations l\u00e9gales et r\u00e8glementaires telles que d\u00e9finies par la l\u00e9gislation en vigueur.<\/strong><\/p>\n<h4>Cookies<\/h4>\n<p>Dans le cadre de votre utilisation de nos sites internet et applications mobiles, il est possible que soient enregistr\u00e9s dans votre navigateur des cookies. Nos sites et applications utilisent des cookies aux fins suivantes\u00a0:<\/p>\n<ul>\n<li><strong>Usage du site<\/strong>\u00a0: pour nous aider \u00e0 reconna\u00eetre votre navigateur comme celui d&#8217;un visiteur pr\u00e9c\u00e9dent et pour enregistrer les pr\u00e9f\u00e9rences que vous avez d\u00e9termin\u00e9es lors de votre pr\u00e9c\u00e9dente visite sur le site. Par exemple, nous pouvons enregistrer vos informations de connexion de sorte que vous n&#8217;ayez pas \u00e0 vous connecter \u00e0 chaque fois que vous visitez le site\u00a0;<\/li>\n<li><strong>R\u00e9seaux sociaux<\/strong> : pour v\u00e9rifier si vous \u00eates connect\u00e9s \u00e0 des services tiers (Twitter, Linkedin) ;<\/li>\n<li><strong>Ciblage<\/strong>\u00a0:\u00a0pour nous permettre de cibler (emailing, enrichissement de base) \u00e0 post\u00e9riori ou en temps r\u00e9el l\u2019internaute qui navigue sur notre site ;<\/li>\n<li><strong>Mesure d\u2019audience<\/strong>\u00a0:\u00a0pour suivre les donn\u00e9es statistiques de fr\u00e9quentation du site (soit l&#8217;utilisation faite du site par les utilisateurs et pour am\u00e9liorer les services du site) et pour nous aider \u00e0 mesurer et \u00e9tudier l&#8217;efficacit\u00e9 de notre contenu interactif en ligne, de ses caract\u00e9ristiques, publicit\u00e9s et autres communications.<\/li>\n<\/ul>\n<p>Pour plus d\u2019informations relatives \u00e0 notre politique cookies, dirigez-vous vers\u00a0la page\u00a0:\u00a0<a title=\"Gestion des cookies\" href=\"https:\/\/www.lexpress.fr\/outils\/gestion_des_cookies.html\" target=\"_blank\" rel=\"noopener noreferrer\">https:\/\/www.cercle-ethique.net\/gestion_des_cookies.html<\/a><\/p>\n<h4>Dur\u00e9e de conservation<\/h4>\n<p>Nous ne conservons vos donne\u0301es que pendant la dure\u0301e ne\u0301cessaire a\u0300 l\u2019accomplissement des finalite\u0301s mentionne\u0301es ci-dessus ou pour nous permettre de re\u0301pondre a\u0300 nos obligations le\u0301gales.<\/p>\n<p>Les donne\u0301es a\u0300 caracte\u0300re personnel utilise\u0301es a\u0300 des fins de prospection commerciale peuvent e\u0302tre conserve\u0301es pour une dure\u0301e maximale de cinq (5) ans a\u0300 compter de la fin de la relation commerciale.<\/p>\n<h3>Vers quels destinataires ?<\/h3>\n<p>Vos donne\u0301es a\u0300 caracte\u0300re personnel pourront e\u0302tre traite\u0301es par le personnel habilite\u0301 du groupe, des partenaires du Cercle d&#8217;\u00c9thique des Affaires. Le recours a\u0300 ces partenaires est ne\u0301cessaire a\u0300 la bonne exe\u0301cution du contrat passe\u0301 entre vous et le Cercle d&#8217;\u00c9thique des Affaires.<\/p>\n<p>Si ces destinataires sont amene\u0301s a\u0300 traiter vos donne\u0301es en dehors de l\u2019Union europe\u0301enne, les transferts seront re\u0301alise\u0301s dans le respect de la Re\u0301glementation.<\/p>\n<h3>Quelle se\u0301curite\u0301 pour vos donne\u0301es ?<\/h3>\n<p>Nous avons de\u0301fini des mesures techniques et organisationnelles permettant de prote\u0301ger vos donne\u0301es de fac\u0327on approprie\u0301e selon leur nature, l\u2019e\u0301tendue du traitement et leur accessibilite\u0301. Il peut s\u2019agir par exemple de chiffrement des donne\u0301es, de gestion de droits d\u2019acce\u0300s, de flux se\u0301curise\u0301s, &#8230;<\/p>\n<p>Le respect de la se\u0301curite\u0301 et de la protection de vos donne\u0301es s\u2019impose a\u0300 l\u2019ensemble de nos collaborateurs ainsi qu\u2019a\u0300 nos prestataires.<\/p>\n<h3>A propos de vos droits<\/h3>\n<h4>Quels sont vos droits ?<\/h4>\n<p>Vous pouvez demander a\u0300 tout moment l\u2019acce\u0300s aux donne\u0301es a\u0300 caracte\u0300re personnel vous concernant, leur rectification, leur effacement (dans la mesure ou\u0300 cela n\u2019empe\u0302che pas la bonne exe\u0301cution du contrat ou le respect des obligations le\u0301gales du Cercle d&#8217;\u00c9thique des Affaires) et la limitation d\u2019un ou plusieurs traitements particuliers de donne\u0301es vous concernant, dans les conditions pre\u0301vues par la Re\u0301glementation.<\/p>\n<p>Vous disposez e\u0301galement du droit de modifier ou de retirer, a\u0300 tout moment, les consentements que vous nous avez accorde\u0301s pour le traitement de vos donne\u0301es a\u0300 caracte\u0300re personnel.<\/p>\n<p>Vous disposez par ailleurs du droit de vous opposer a\u0300 un traitement de vos donne\u0301es a\u0300 caracte\u0300re personnel et du droit a\u0300 leur portabilite\u0301, dans les conditions fixe\u0301es par la Re\u0301glementation.<\/p>\n<p>Vos donne\u0301es a\u0300 caracte\u0300re personnel peuvent e\u0302tre conserve\u0301es ou supprime\u0301es apre\u0300s votre de\u0301ce\u0300s conforme\u0301ment a\u0300 la Re\u0301glementation. Vous disposez du droit de donner instruction au Cercle d&#8217;\u00c9thique des Affaires de communiquer ces donne\u0301es a\u0300 un tiers que vous aurez pre\u0301alablement de\u0301signe\u0301.<\/p>\n<h4>Modalite\u0301s d\u2019exercice<\/h4>\n<p>Vous pouvez exercer vos droits a\u0300 tout moment via le formulaire de contact accessible en <a href=\"https:\/\/ar-imagetest.com\/cea\/contact\/\">cliquant ici<\/a><\/p>\n<p>Vous pouvez e\u0301galement adresser un courrier postal a\u0300 :<\/p>\n<p>CERCLE D&#8217;ETHIQUE DES AFFAIRES<br \/>\n105 rue des Moines<br \/>\n75017 PARIS<\/p>\n<p>Vous devrez alors fournir vos nom, pre\u0301nom, ainsi qu\u2019une copie de votre pie\u0300ce d\u2019identite\u0301.<\/p>\n<p>Si vous n\u2019e\u0302tes pas satisfait de nos e\u0301changes, vous avez la possibilite\u0301 de saisir la Commission Nationale de l\u2019Informatique et des Liberte\u0301s (CNIL) a\u0300 l\u2019adresse suivante : CNIL \u2013 3 place de Fontenoy \u2013 TSA 80715 \u2013 75334 Paris cedex 07.<\/p>\n<h3>Actualisation des donne\u0301es transmises<\/h3>\n<p>Il est important que les informations que vous nous transmettez soient exactes et a\u0300 jour et que vous nous informiez sans de\u0301lai de tout changement significatif vous concernant.<\/p>\n<h3>En savoir plus<\/h3>\n<p>Pour en savoir plus sur notre Politique de protection des donne\u0301es a\u0300 caracte\u0300re personnel, vous pouvez contacter le De\u0301le\u0301gue\u0301 a\u0300 la Protection des Donne\u0301es a\u0300 l\u2019adresse suivante :<\/p>\n<p>CERCLE D&#8217;\u00c9THIQUE DES AFFAIRES<br \/>\n105 rue des Moines<br \/>\n75017 PARIS<\/p>\n<p>Nous sommes susceptibles de faire e\u0301voluer la pre\u0301sente politique de protection des donne\u0301es a\u0300 caracte\u0300re personnel qui s\u2019applique a\u0300 compter du 25 mai 2018.<\/p>\n<hr \/>\n<p>Date dernie\u0300re mise a\u0300 jour : 15\/12\/2020<\/p>\n<\/div><\/div><\/div><\/div><\/div>\n","protected":false},"excerpt":{"rendered":"","protected":false},"author":1,"featured_media":0,"parent":0,"menu_order":0,"comment_status":"closed","ping_status":"open","template":"","meta":{"_monsterinsights_skip_tracking":false,"_monsterinsights_sitenote_active":false,"_monsterinsights_sitenote_note":"","_monsterinsights_sitenote_category":0,"_price":"","_stock":"","_tribe_ticket_header":"","_tribe_default_ticket_provider":"","_tribe_ticket_capacity":"0","_ticket_start_date":"","_ticket_end_date":"","_tribe_ticket_show_description":"","_tribe_ticket_show_not_going":false,"_tribe_ticket_use_global_stock":"","_tribe_ticket_global_stock_level":"","_global_stock_mode":"","_global_stock_cap":"","_tribe_rsvp_for_event":"","_tribe_ticket_going_count":"","_tribe_ticket_not_going_count":"","_tribe_tickets_list":[],"_tribe_ticket_has_attendee_info_fields":false,"footnotes":""},"yoast_head":"<!-- This site is optimized with the Yoast SEO plugin v21.7 - https:\/\/yoast.com\/wordpress\/plugins\/seo\/ -->\n<title>Politique de confidentialit\u00e9 - Ar-imagetest-Cercle d&#039;\u00c9thique des Affaires<\/title>\n<meta name=\"robots\" content=\"index, follow, max-snippet:-1, max-image-preview:large, max-video-preview:-1\" \/>\n<link rel=\"canonical\" href=\"https:\/\/ar-imagetest.com\/cea\/politique-confidentialite\/\" \/>\n<meta property=\"og:locale\" content=\"fr_FR\" \/>\n<meta property=\"og:type\" content=\"article\" \/>\n<meta property=\"og:title\" content=\"Politique de confidentialit\u00e9 - Ar-imagetest-Cercle d&#039;\u00c9thique des Affaires\" \/>\n<meta property=\"og:url\" content=\"https:\/\/ar-imagetest.com\/cea\/politique-confidentialite\/\" \/>\n<meta property=\"og:site_name\" content=\"Ar-imagetest-Cercle d&#039;\u00c9thique des Affaires\" \/>\n<meta property=\"article:modified_time\" content=\"2020-12-07T18:36:30+00:00\" \/>\n<meta name=\"twitter:card\" content=\"summary_large_image\" \/>\n<meta name=\"twitter:label1\" content=\"Dur\u00e9e de lecture estim\u00e9e\" \/>\n\t<meta name=\"twitter:data1\" content=\"9 minutes\" \/>\n<script type=\"application\/ld+json\" class=\"yoast-schema-graph\">{\"@context\":\"https:\/\/schema.org\",\"@graph\":[{\"@type\":\"WebPage\",\"@id\":\"https:\/\/ar-imagetest.com\/cea\/politique-confidentialite\/\",\"url\":\"https:\/\/ar-imagetest.com\/cea\/politique-confidentialite\/\",\"name\":\"Politique de confidentialit\u00e9 - Ar-imagetest-Cercle d&#039;\u00c9thique des Affaires\",\"isPartOf\":{\"@id\":\"https:\/\/ar-imagetest.com\/cea\/#website\"},\"datePublished\":\"2020-02-09T20:14:53+00:00\",\"dateModified\":\"2020-12-07T18:36:30+00:00\",\"breadcrumb\":{\"@id\":\"https:\/\/ar-imagetest.com\/cea\/politique-confidentialite\/#breadcrumb\"},\"inLanguage\":\"fr-FR\",\"potentialAction\":[{\"@type\":\"ReadAction\",\"target\":[\"https:\/\/ar-imagetest.com\/cea\/politique-confidentialite\/\"]}]},{\"@type\":\"BreadcrumbList\",\"@id\":\"https:\/\/ar-imagetest.com\/cea\/politique-confidentialite\/#breadcrumb\",\"itemListElement\":[{\"@type\":\"ListItem\",\"position\":1,\"name\":\"Home\",\"item\":\"https:\/\/ar-imagetest.com\/cea\/\"},{\"@type\":\"ListItem\",\"position\":2,\"name\":\"Politique de confidentialit\u00e9\"}]},{\"@type\":\"WebSite\",\"@id\":\"https:\/\/ar-imagetest.com\/cea\/#website\",\"url\":\"https:\/\/ar-imagetest.com\/cea\/\",\"name\":\"Ar-imagetest-Cercle d&#039;\u00c9thique des Affaires\",\"description\":\"Ethique &amp; Conformit\u00e9 des Entreprises\",\"potentialAction\":[{\"@type\":\"SearchAction\",\"target\":{\"@type\":\"EntryPoint\",\"urlTemplate\":\"https:\/\/ar-imagetest.com\/cea\/?s={search_term_string}\"},\"query-input\":\"required name=search_term_string\"}],\"inLanguage\":\"fr-FR\"}]}<\/script>\n<!-- \/ Yoast SEO plugin. -->","yoast_head_json":{"title":"Politique de confidentialit\u00e9 - Ar-imagetest-Cercle d&#039;\u00c9thique des Affaires","robots":{"index":"index","follow":"follow","max-snippet":"max-snippet:-1","max-image-preview":"max-image-preview:large","max-video-preview":"max-video-preview:-1"},"canonical":"https:\/\/ar-imagetest.com\/cea\/politique-confidentialite\/","og_locale":"fr_FR","og_type":"article","og_title":"Politique de confidentialit\u00e9 - Ar-imagetest-Cercle d&#039;\u00c9thique des Affaires","og_url":"https:\/\/ar-imagetest.com\/cea\/politique-confidentialite\/","og_site_name":"Ar-imagetest-Cercle d&#039;\u00c9thique des Affaires","article_modified_time":"2020-12-07T18:36:30+00:00","twitter_card":"summary_large_image","twitter_misc":{"Dur\u00e9e de lecture estim\u00e9e":"9 minutes"},"schema":{"@context":"https:\/\/schema.org","@graph":[{"@type":"WebPage","@id":"https:\/\/ar-imagetest.com\/cea\/politique-confidentialite\/","url":"https:\/\/ar-imagetest.com\/cea\/politique-confidentialite\/","name":"Politique de confidentialit\u00e9 - Ar-imagetest-Cercle d&#039;\u00c9thique des Affaires","isPartOf":{"@id":"https:\/\/ar-imagetest.com\/cea\/#website"},"datePublished":"2020-02-09T20:14:53+00:00","dateModified":"2020-12-07T18:36:30+00:00","breadcrumb":{"@id":"https:\/\/ar-imagetest.com\/cea\/politique-confidentialite\/#breadcrumb"},"inLanguage":"fr-FR","potentialAction":[{"@type":"ReadAction","target":["https:\/\/ar-imagetest.com\/cea\/politique-confidentialite\/"]}]},{"@type":"BreadcrumbList","@id":"https:\/\/ar-imagetest.com\/cea\/politique-confidentialite\/#breadcrumb","itemListElement":[{"@type":"ListItem","position":1,"name":"Home","item":"https:\/\/ar-imagetest.com\/cea\/"},{"@type":"ListItem","position":2,"name":"Politique de confidentialit\u00e9"}]},{"@type":"WebSite","@id":"https:\/\/ar-imagetest.com\/cea\/#website","url":"https:\/\/ar-imagetest.com\/cea\/","name":"Ar-imagetest-Cercle d&#039;\u00c9thique des Affaires","description":"Ethique &amp; Conformit\u00e9 des Entreprises","potentialAction":[{"@type":"SearchAction","target":{"@type":"EntryPoint","urlTemplate":"https:\/\/ar-imagetest.com\/cea\/?s={search_term_string}"},"query-input":"required name=search_term_string"}],"inLanguage":"fr-FR"}]}},"jetpack_sharing_enabled":true,"_links":{"self":[{"href":"https:\/\/ar-imagetest.com\/cea\/wp-json\/wp\/v2\/pages\/3"}],"collection":[{"href":"https:\/\/ar-imagetest.com\/cea\/wp-json\/wp\/v2\/pages"}],"about":[{"href":"https:\/\/ar-imagetest.com\/cea\/wp-json\/wp\/v2\/types\/page"}],"author":[{"embeddable":true,"href":"https:\/\/ar-imagetest.com\/cea\/wp-json\/wp\/v2\/users\/1"}],"replies":[{"embeddable":true,"href":"https:\/\/ar-imagetest.com\/cea\/wp-json\/wp\/v2\/comments?post=3"}],"version-history":[{"count":5,"href":"https:\/\/ar-imagetest.com\/cea\/wp-json\/wp\/v2\/pages\/3\/revisions"}],"predecessor-version":[{"id":3038,"href":"https:\/\/ar-imagetest.com\/cea\/wp-json\/wp\/v2\/pages\/3\/revisions\/3038"}],"wp:attachment":[{"href":"https:\/\/ar-imagetest.com\/cea\/wp-json\/wp\/v2\/media?parent=3"}],"curies":[{"name":"wp","href":"https:\/\/api.w.org\/{rel}","templated":true}]}}